{"id":120,"date":"2025-06-23T10:46:33","date_gmt":"2025-06-23T10:46:33","guid":{"rendered":"https:\/\/new.arac.ro\/?page_id=120"},"modified":"2025-07-02T10:45:13","modified_gmt":"2025-07-02T10:45:13","slug":"trecute","status":"publish","type":"page","link":"https:\/\/www.arac.ro\/ro\/programe-publice\/evenimente\/trecute\/","title":{"rendered":"Evenimente Trecute"},"content":{"rendered":"<div class=\"arac-event-query-loop\"><div class=\"arac-event-query-loop-item\"><div class=\"arac-event-query-loop-img\"><img decoding=\"async\" src=\"https:\/\/www.arac.ro\/wp-content\/uploads\/2025\/12\/Round-table-768x960.jpg\"\/><\/div><div class=\"arac-event-query-loop-content\"><h2 class=\"arac-event-query-loop-title\"><a href=\"https:\/\/www.arac.ro\/ro\/event\/afar-talk-anja-luckenkemper-in-conversation-with-alexandru-balasescu-copy\/\">Round Table: Claudia Dobre and Patricia Morosan<\/a><\/h2><div class=\"arac-event-query-loop-meta\"><span><strong>Start:<\/strong> 2025-11-19<\/span> <span><strong>End:<\/strong> 2025-11-19<\/span><\/div><p class=\"arac-event-query-loop-excerpt\" style=\"margin-bottom:0.5em\">Patricia Morosan is a visual artist (born in Romania, based between Berlin and Athens) who works with photography, film, poetry, performance, and sound. Her works investigate the duality between intimacy and identity, exploring polycentric practices and methods of emotional geography, ecology, and posthumanism. She studied photography at the Ostkreuzschule in Berlin and at the Academy&hellip;<\/p><a class=\"arac-event-query_loop-readmore\" style=\"display:inline-block;padding:0.3em 1em;background:#222;color:#fff;text-decoration:none;border-radius:2px;font-size:0.95em\" href=\"https:\/\/www.arac.ro\/ro\/event\/afar-talk-anja-luckenkemper-in-conversation-with-alexandru-balasescu-copy\/\">Cite\u0219te mai mult<\/a><\/div><\/div><div class=\"arac-event-query-loop-item\"><div class=\"arac-event-query-loop-img\"><img decoding=\"async\" src=\"https:\/\/www.arac.ro\/wp-content\/uploads\/2025\/06\/491937974_1314333090177281_823441416840161395_n-768x402.jpg\"\/><\/div><div class=\"arac-event-query-loop-content\"><h2 class=\"arac-event-query-loop-title\"><a href=\"https:\/\/www.arac.ro\/ro\/event\/the-whole-in-the-flag-remained-the-symbol-of-the-revolution-workshop-with-iosif-kiraly\/\">The whole in the flag remained the symbol of the revolution. Workshop with Iosif Kir\u00e1ly.<\/a><\/h2><div class=\"arac-event-query-loop-meta\"><span><strong>Start:<\/strong> 2025-02-28<\/span> <span><strong>End:<\/strong> 2025-02-28<\/span><\/div><p class=\"arac-event-query-loop-excerpt\" style=\"margin-bottom:0.5em\">Iosif Kir\u00e1ly is one of the most renowned artists working with photography in Romania. His work investigates the relationship between perception, time, synchronicity and memory through photography, installation-art, drawing and more recently, video. He has initiated, coordinated, and, together with architects, visual artists, and anthropologists, participated in research projects related to the changes having occurred&hellip;<\/p><a class=\"arac-event-query_loop-readmore\" style=\"display:inline-block;padding:0.3em 1em;background:#222;color:#fff;text-decoration:none;border-radius:2px;font-size:0.95em\" href=\"https:\/\/www.arac.ro\/ro\/event\/the-whole-in-the-flag-remained-the-symbol-of-the-revolution-workshop-with-iosif-kiraly\/\">Cite\u0219te mai mult<\/a><\/div><\/div><div class=\"arac-event-query-loop-item\"><div class=\"arac-event-query-loop-img\"><img decoding=\"async\" src=\"https:\/\/www.arac.ro\/wp-content\/uploads\/2025\/08\/473170694_18483521848041025_9213070924941325261_n-768x960.jpg\"\/><\/div><div class=\"arac-event-query-loop-content\"><h2 class=\"arac-event-query-loop-title\"><a href=\"https:\/\/www.arac.ro\/ro\/event\/moral-injury-workshop-with-emilia-mihali\/\">Moral injury. Workshop with Emilia Mihali.<\/a><\/h2><div class=\"arac-event-query-loop-meta\"><span><strong>Start:<\/strong> 2025-01-18<\/span> <span><strong>End:<\/strong> 2025-01-18<\/span><\/div><p class=\"arac-event-query-loop-excerpt\" style=\"margin-bottom:0.5em\">Emilia Mihali Emilia Mihali is a highly experienced Psychodynamic Psychotherapist and Supervisor dedicated to supporting children, young people, and families in England. She works for the Norfolk and Suffolk Foundation Trust (NHS) with adoption, refugees, and looked-after children, as well as at NHS Practitioner Health with adults. Her expertise spans various therapeutic approaches, including Psychodynamic&hellip;<\/p><a class=\"arac-event-query_loop-readmore\" style=\"display:inline-block;padding:0.3em 1em;background:#222;color:#fff;text-decoration:none;border-radius:2px;font-size:0.95em\" href=\"https:\/\/www.arac.ro\/ro\/event\/moral-injury-workshop-with-emilia-mihali\/\">Cite\u0219te mai mult<\/a><\/div><\/div><div class=\"arac-event-query-loop-item\"><div class=\"arac-event-query-loop-img\"><img decoding=\"async\" src=\"https:\/\/www.arac.ro\/wp-content\/uploads\/2025\/08\/473611972_18483476881041025_3771870956467622416_n-768x768.jpg\"\/><\/div><div class=\"arac-event-query-loop-content\"><h2 class=\"arac-event-query-loop-title\"><a href=\"https:\/\/www.arac.ro\/ro\/event\/post-memory-and-cultural-trauma-workshop-with-historian-claudia-dobre\/\">Post-memory and cultural trauma. Workshop with historian Claudia Dobre.<\/a><\/h2><div class=\"arac-event-query-loop-meta\"><span><strong>Start:<\/strong> 2025-01-15<\/span> <span><strong>End:<\/strong> 2025-01-15<\/span><\/div><p class=\"arac-event-query-loop-excerpt\" style=\"margin-bottom:0.5em\">Claudia Dobre Claudia-Florentina Dobre holds a PhD in history from Laval University (Qu\u00e9bec) since 2007with a thesis on the memory of communist political persecution from a gender perspective. Winner of several research grants, including the Robert Schuman grant of the European Parliament (in 2007), Claudia-Florentina Dobre co-organized 10 international conferences, edited several volumes and scientific&hellip;<\/p><a class=\"arac-event-query_loop-readmore\" style=\"display:inline-block;padding:0.3em 1em;background:#222;color:#fff;text-decoration:none;border-radius:2px;font-size:0.95em\" href=\"https:\/\/www.arac.ro\/ro\/event\/post-memory-and-cultural-trauma-workshop-with-historian-claudia-dobre\/\">Cite\u0219te mai mult<\/a><\/div><\/div><div class=\"arac-event-query-loop-item\"><div class=\"arac-event-query-loop-img\"><img decoding=\"async\" src=\"https:\/\/www.arac.ro\/wp-content\/uploads\/2025\/08\/490599234_1311861137091143_794028159977644321_n-1-768x768.jpg\"\/><\/div><div class=\"arac-event-query-loop-content\"><h2 class=\"arac-event-query-loop-title\"><a href=\"https:\/\/www.arac.ro\/ro\/event\/afar-talk-textile-art-crafting-a-path-to-inclusion-and-equality\/\">AFAR TALK. Textile Art: Crafting a Path to Inclusion and Equality<\/a><\/h2><div class=\"arac-event-query-loop-meta\"><span><strong>Start:<\/strong> 2024-12-10<\/span> <span><strong>End:<\/strong> 2024-12-10<\/span><\/div><p class=\"arac-event-query-loop-excerpt\" style=\"margin-bottom:0.5em\">Nicole Colin is Professor of German culture at Aix-Marseille University (AMU), Director of the German-French graduate school &#8220;Conflicts of cultures \u2013 cultures of conflicts&#8221; (AMU \/ University of T\u00fcbingen) and an honorary professor at the University of Amsterdam (UvA). She works on German cultural history (with a focus on literature and theatre), the theory of&hellip;<\/p><a class=\"arac-event-query_loop-readmore\" style=\"display:inline-block;padding:0.3em 1em;background:#222;color:#fff;text-decoration:none;border-radius:2px;font-size:0.95em\" href=\"https:\/\/www.arac.ro\/ro\/event\/afar-talk-textile-art-crafting-a-path-to-inclusion-and-equality\/\">Cite\u0219te mai mult<\/a><\/div><\/div><div class=\"arac-event-query-loop-item\"><div class=\"arac-event-query-loop-img\"><img decoding=\"async\" src=\"https:\/\/www.arac.ro\/wp-content\/uploads\/2025\/08\/472831071_18482623231041025_109933822246369476_n-1-768x768.jpg\"\/><\/div><div class=\"arac-event-query-loop-content\"><h2 class=\"arac-event-query-loop-title\"><a href=\"https:\/\/www.arac.ro\/ro\/event\/meeting-with-irina-botea-bucan-and-jon-dean-artistic-metodology-and-social-political-context-in-ccs-film\/\">Meeting with Irina Botea Bucan and Jon Dean: Artistic Metodology and social-political context in CCs film<\/a><\/h2><div class=\"arac-event-query-loop-meta\"><span><strong>Start:<\/strong> 2024-10-14<\/span> <span><strong>End:<\/strong> 2024-10-14<\/span><\/div><p class=\"arac-event-query-loop-excerpt\" style=\"margin-bottom:0.5em\">Artistic Metodology and social-political context in CCs film Speakers: Irina Botea Bucan, Jon Dean Monday, October 14th, 17:00 &#8211; Anca Potera\u0219u Gallery, Popa Soare 26 IRINA BOTEA-BUCAN &amp; JON DEAN, CCs, video, 21 min. 31 sec., 2019. The event is part of My Brilliant Friend exhibition and project, funded by AFCN. About the project: Within&hellip;<\/p><a class=\"arac-event-query_loop-readmore\" style=\"display:inline-block;padding:0.3em 1em;background:#222;color:#fff;text-decoration:none;border-radius:2px;font-size:0.95em\" href=\"https:\/\/www.arac.ro\/ro\/event\/meeting-with-irina-botea-bucan-and-jon-dean-artistic-metodology-and-social-political-context-in-ccs-film\/\">Cite\u0219te mai mult<\/a><\/div><\/div><div class=\"arac-event-query-loop-item\"><div class=\"arac-event-query-loop-img\"><img decoding=\"async\" src=\"https:\/\/www.arac.ro\/wp-content\/uploads\/2025\/08\/490455193_1309753997301857_9104645894184781830_n-768x768.jpg\"\/><\/div><div class=\"arac-event-query-loop-content\"><h2 class=\"arac-event-query-loop-title\"><a href=\"https:\/\/www.arac.ro\/ro\/event\/screening-of-the-film-stop-cadru-la-masa-followed-by-a-discussion-with-writer-ana-maria-sandu\/\">Screening of the film Stop cadru la mas\u0103, followed by a discussion with writer Ana Maria Sandu<\/a><\/h2><div class=\"arac-event-query-loop-meta\"><span><strong>Start:<\/strong> 2024-10-12<\/span> <span><strong>End:<\/strong> 2024-10-12<\/span><\/div><p class=\"arac-event-query-loop-excerpt\" style=\"margin-bottom:0.5em\">Ana Maria Sandu is a writer, journalist, and editor at Dilema Veche. She made her debut with the volume Din amintirile unui Chelbasan (From the Memories of a Chelbasan) and went on to publish the novels Fata din casa vagon (The Girl from the Wagon House), Omoar\u0103-m\u0103! (Kill Me!), Alearg\u0103 (Run), the short story collection&hellip;<\/p><a class=\"arac-event-query_loop-readmore\" style=\"display:inline-block;padding:0.3em 1em;background:#222;color:#fff;text-decoration:none;border-radius:2px;font-size:0.95em\" href=\"https:\/\/www.arac.ro\/ro\/event\/screening-of-the-film-stop-cadru-la-masa-followed-by-a-discussion-with-writer-ana-maria-sandu\/\">Cite\u0219te mai mult<\/a><\/div><\/div><div class=\"arac-event-query-loop-item\"><div class=\"arac-event-query-loop-img\"><img decoding=\"async\" src=\"https:\/\/www.arac.ro\/wp-content\/uploads\/2025\/08\/488890738_1305695197707737_7733789858818805588_n-768x768.jpg\"\/><\/div><div class=\"arac-event-query-loop-content\"><h2 class=\"arac-event-query-loop-title\"><a href=\"https:\/\/www.arac.ro\/ro\/event\/afar-talk-curator-julie-crenn-in-dialogue-with-artist-delia-popa\/\">AFAR TALK. Curator Julie Crenn in dialogue with artist Delia Popa<\/a><\/h2><div class=\"arac-event-query-loop-meta\"><span><strong>Start:<\/strong> 2024-06-19<\/span> <span><strong>End:<\/strong> 2024-06-19<\/span><\/div><p class=\"arac-event-query-loop-excerpt\" style=\"margin-bottom:0.5em\">Julie Crenn is an art historian, art critic (AICA &#8211; International Association of Art Critics) and independent curator. Since 2018, he is associate curator of Transpalette &#8211; Centre d&#8217;Art Contemporain de Bourges. In 2005, he obtained a master&#8217;s degree in art history and criticism at the University of Rennes 2, with a thesis on the&hellip;<\/p><a class=\"arac-event-query_loop-readmore\" style=\"display:inline-block;padding:0.3em 1em;background:#222;color:#fff;text-decoration:none;border-radius:2px;font-size:0.95em\" href=\"https:\/\/www.arac.ro\/ro\/event\/afar-talk-curator-julie-crenn-in-dialogue-with-artist-delia-popa\/\">Cite\u0219te mai mult<\/a><\/div><\/div><div class=\"arac-event-query-loop-item\"><div class=\"arac-event-query-loop-img\"><img decoding=\"async\" src=\"https:\/\/www.arac.ro\/wp-content\/uploads\/2025\/08\/488977463_1304759111134679_8297712224992520072_n-768x512.jpg\"\/><\/div><div class=\"arac-event-query-loop-content\"><h2 class=\"arac-event-query-loop-title\"><a href=\"https:\/\/www.arac.ro\/ro\/event\/art-within-technical-museums-talk-with-elisabeth-limbeck-lilineau\/\">Art within Technical Museums. Talk with Elisabeth Limbeck &#8211; Lilineau<\/a><\/h2><div class=\"arac-event-query-loop-meta\"><span><strong>Start:<\/strong> 2024-05-11<\/span> <span><strong>End:<\/strong> 2024-05-11<\/span><\/div><p class=\"arac-event-query-loop-excerpt\" style=\"margin-bottom:0.5em\">Elisabeth Limbeck &#8211; Lilineau Speaker: Elisabeth Limbeck &#8211; Lilineau May 11th, 18:00 &#8211; Anca Potera\u0219u Gallery, Popa Soare 26 This talk is organized by ARAC with the suppport of Austriac Cultural Forum We will discuss art in technical museums following a lecture by Elisabeth Limbeck-Lilienau, Head of the Exhibitions Department at Technische Museum Wien, \u201cArt&hellip;<\/p><a class=\"arac-event-query_loop-readmore\" style=\"display:inline-block;padding:0.3em 1em;background:#222;color:#fff;text-decoration:none;border-radius:2px;font-size:0.95em\" href=\"https:\/\/www.arac.ro\/ro\/event\/art-within-technical-museums-talk-with-elisabeth-limbeck-lilineau\/\">Cite\u0219te mai mult<\/a><\/div><\/div><div class=\"arac-event-query-loop-item\"><div class=\"arac-event-query-loop-img\"><img decoding=\"async\" src=\"https:\/\/www.arac.ro\/wp-content\/uploads\/2025\/08\/Screenshot-2025-08-19-143657.jpg\"\/><\/div><div class=\"arac-event-query-loop-content\"><h2 class=\"arac-event-query-loop-title\"><a href=\"https:\/\/www.arac.ro\/ro\/event\/afar-talk-curator-william-ewing-in-dialogue-with-artist-iosif-kiraly\/\">AFAR TALK. Curator William Ewing in dialogue with artist Iosif Kiraly<\/a><\/h2><div class=\"arac-event-query-loop-meta\"><span><strong>Start:<\/strong> 2024-05-09<\/span> <span><strong>End:<\/strong> 2024-05-09<\/span><\/div><p class=\"arac-event-query-loop-excerpt\" style=\"margin-bottom:0.5em\">William A. Ewing&nbsp;is an author, curator, and former museum director, having spent half of his 50-year career in America, and half in Europe. Formerly the director of exhibitions at the International Center of Photography Museum in New York, and the director of the Mus\u00e9e de l\u2019Elys\u00e9e, Lausanne, he has curated exhibitions seen at hundreds of&hellip;<\/p><a class=\"arac-event-query_loop-readmore\" style=\"display:inline-block;padding:0.3em 1em;background:#222;color:#fff;text-decoration:none;border-radius:2px;font-size:0.95em\" href=\"https:\/\/www.arac.ro\/ro\/event\/afar-talk-curator-william-ewing-in-dialogue-with-artist-iosif-kiraly\/\">Cite\u0219te mai mult<\/a><\/div><\/div><div class=\"arac-event-query-loop-item\"><div class=\"arac-event-query-loop-img\"><img decoding=\"async\" src=\"https:\/\/www.arac.ro\/wp-content\/uploads\/2025\/08\/488535932_1302716788005578_2021597976770455661_n.jpg\"\/><\/div><div class=\"arac-event-query-loop-content\"><h2 class=\"arac-event-query-loop-title\"><a href=\"https:\/\/www.arac.ro\/ro\/event\/afar-talk-memory-practices-by-zoya-laktionova\/\">AFAR TALK. Memory Practices by Zoya Laktionova<\/a><\/h2><div class=\"arac-event-query-loop-meta\"><span><strong>Start:<\/strong> 2024-03-16<\/span> <span><strong>End:<\/strong> 2024-03-16<\/span><\/div><p class=\"arac-event-query-loop-excerpt\" style=\"margin-bottom:0.5em\">Zoya was born in Mariupol, in a working class family in 1984. Zoya first appeared in the world of documentary cinema as a character in the film &#8220;Ma&#8221;(10\u2019) in 2017, and a year later made her first short documentary &#8220;Diorama&#8221; about the mined sea at the&nbsp; Mariupol area. The film won an award in the&hellip;<\/p><a class=\"arac-event-query_loop-readmore\" style=\"display:inline-block;padding:0.3em 1em;background:#222;color:#fff;text-decoration:none;border-radius:2px;font-size:0.95em\" href=\"https:\/\/www.arac.ro\/ro\/event\/afar-talk-memory-practices-by-zoya-laktionova\/\">Cite\u0219te mai mult<\/a><\/div><\/div><div class=\"arac-event-query-loop-item\"><div class=\"arac-event-query-loop-img\"><img decoding=\"async\" src=\"https:\/\/www.arac.ro\/wp-content\/uploads\/2025\/08\/481184913_640708751677396_3935022810839872954_n-768x402.jpg\"\/><\/div><div class=\"arac-event-query-loop-content\"><h2 class=\"arac-event-query-loop-title\"><a href=\"https:\/\/www.arac.ro\/ro\/event\/afar-talk-luiza-teixeira-de-freitas-in-conversation-with-alina-serban\/\">AFAR TALK. Luiza Teixeira de Freitas in conversation with Alina \u0218erban<\/a><\/h2><div class=\"arac-event-query-loop-meta\"><span><strong>Start:<\/strong> 2023-11-23<\/span> <span><strong>End:<\/strong> 2023-11-23<\/span><\/div><p class=\"arac-event-query-loop-excerpt\" style=\"margin-bottom:0.5em\">Luiza Teixeira de Freitas&nbsp;is an independent curator based in Lisbon. Among the various projects she is involved with, her curatorial work with private collections stands out, as well as her active relationship with independent publications and artist books, having launched her own publisher Taffimai in 2018. Although based in Portugal, she frequently works with projects&hellip;<\/p><a class=\"arac-event-query_loop-readmore\" style=\"display:inline-block;padding:0.3em 1em;background:#222;color:#fff;text-decoration:none;border-radius:2px;font-size:0.95em\" href=\"https:\/\/www.arac.ro\/ro\/event\/afar-talk-luiza-teixeira-de-freitas-in-conversation-with-alina-serban\/\">Cite\u0219te mai mult<\/a><\/div><\/div><div class=\"arac-event-query-loop-item\"><div class=\"arac-event-query-loop-img\"><img decoding=\"async\" src=\"https:\/\/www.arac.ro\/wp-content\/uploads\/2025\/08\/481242449_639342988480639_3553698527896018278_n-768x402.jpg\"\/><\/div><div class=\"arac-event-query-loop-content\"><h2 class=\"arac-event-query-loop-title\"><a href=\"https:\/\/www.arac.ro\/ro\/event\/afar-talk-anja-luckenkemper-in-conversation-with-alexandru-balasescu\/\">AFAR TALK. Anja L\u00fcckenkemper in conversation with Alexandru B\u0103l\u0103\u0219e\u0219cu<\/a><\/h2><div class=\"arac-event-query-loop-meta\"><span><strong>Start:<\/strong> 2023-10-03<\/span> <span><strong>End:<\/strong> 2023-10-03<\/span><\/div><p class=\"arac-event-query-loop-excerpt\" style=\"margin-bottom:0.5em\">Anja L\u00fcckenkemper\u00a0is an independent curator based in Berlin, Germany. She is co-initiator and curator of GOSSIP GOSSIP GOSSIP, a platform for performative events and exhibitions focussing on the productive potentials of \u201dgossip\u201d as a queer-feminist strategy of resistance, solidarity, and knowledge production. Currently she is pursuing a practice-based curatorial PhD research on critical ecologies, decoloniality,&hellip;<\/p><a class=\"arac-event-query_loop-readmore\" style=\"display:inline-block;padding:0.3em 1em;background:#222;color:#fff;text-decoration:none;border-radius:2px;font-size:0.95em\" href=\"https:\/\/www.arac.ro\/ro\/event\/afar-talk-anja-luckenkemper-in-conversation-with-alexandru-balasescu\/\">Cite\u0219te mai mult<\/a><\/div><\/div><\/div>","protected":false},"excerpt":{"rendered":"","protected":false},"author":1,"featured_media":0,"parent":313,"menu_order":0,"comment_status":"closed","ping_status":"closed","template":"","meta":{"footnotes":""},"class_list":["post-120","page","type-page","status-publish","hentry"],"_links":{"self":[{"href":"https:\/\/www.arac.ro\/ro\/wp-json\/wp\/v2\/pages\/120","targetHints":{"allow":["GET"]}}],"collection":[{"href":"https:\/\/www.arac.ro\/ro\/wp-json\/wp\/v2\/pages"}],"about":[{"href":"https:\/\/www.arac.ro\/ro\/wp-json\/wp\/v2\/types\/page"}],"author":[{"embeddable":true,"href":"https:\/\/www.arac.ro\/ro\/wp-json\/wp\/v2\/users\/1"}],"replies":[{"embeddable":true,"href":"https:\/\/www.arac.ro\/ro\/wp-json\/wp\/v2\/comments?post=120"}],"version-history":[{"count":3,"href":"https:\/\/www.arac.ro\/ro\/wp-json\/wp\/v2\/pages\/120\/revisions"}],"predecessor-version":[{"id":324,"href":"https:\/\/www.arac.ro\/ro\/wp-json\/wp\/v2\/pages\/120\/revisions\/324"}],"up":[{"embeddable":true,"href":"https:\/\/www.arac.ro\/ro\/wp-json\/wp\/v2\/pages\/313"}],"wp:attachment":[{"href":"https:\/\/www.arac.ro\/ro\/wp-json\/wp\/v2\/media?parent=120"}],"curies":[{"name":"wp","href":"https:\/\/api.w.org\/{rel}","templated":true}]}}