{"id":212,"date":"2025-06-27T13:18:09","date_gmt":"2025-06-27T13:18:09","guid":{"rendered":"https:\/\/new.arac.ro\/?page_id=212"},"modified":"2025-09-02T19:35:12","modified_gmt":"2025-09-02T19:35:12","slug":"curente","status":"publish","type":"page","link":"https:\/\/www.arac.ro\/ro\/proiecte\/curente\/","title":{"rendered":"Curente"},"content":{"rendered":"<div class=\"arac-project-query-loop\"><div class=\"arac-project-query-loop-item\"><div class=\"arac-project-query-loop-img\"><img decoding=\"async\" src=\"https:\/\/www.arac.ro\/wp-content\/uploads\/2026\/03\/645994612_920848860330049_3743306818046609926_n-768x960.jpg\"\/><\/div><div class=\"arac-project-query-loop-content\"><h2 class=\"arac-project-query-loop-title\"><a href=\"https:\/\/www.arac.ro\/ro\/project\/recreate-europe-2026-2029\/\">Re:Create Europe (2026\u20132029)<\/a><\/h2><div class=\"arac-project-query-loop-meta\"><span><strong>Start:<\/strong> 2026-03-25<\/span> <span><strong>End:<\/strong> 2029-12-16<\/span><\/div><p class=\"arac-project-query-loop-excerpt\">The&nbsp;European Alliance of Academies&nbsp;launches Re:Create Europe (2026\u20132029) \u2014 a four-year collaborative initiative co-funded by Creative Europe of the European Union. Re:Create Europe responds to increasing pressures on artistic freedom across the continent by reinforcing resilience, solidarity, and cultural autonomy. Through mobility schemes, residencies, learning formats, and exchange, the project supports artists and cultural professionals while&hellip;<\/p><a class=\"arac-project-query_loop-readmore\" href=\"https:\/\/www.arac.ro\/ro\/project\/recreate-europe-2026-2029\/\">Cite\u0219te mai mult<\/a><\/div><\/div><div class=\"arac-project-query-loop-item\"><div class=\"arac-project-query-loop-img\"><img decoding=\"async\" src=\"https:\/\/www.arac.ro\/wp-content\/uploads\/2025\/08\/VCD091640-768x551.jpg\"\/><\/div><div class=\"arac-project-query-loop-content\"><h2 class=\"arac-project-query-loop-title\"><a href=\"https:\/\/www.arac.ro\/ro\/project\/invisible-traces-artistic-memories-of-the-cold-war\/\">(In)Visible Traces. Artistic Memories of the Cold War<\/a><\/h2><div class=\"arac-project-query-loop-meta\"><span><strong>Start:<\/strong> 2024-01-01<\/span> <span><strong>End:<\/strong> 2026-05-31<\/span><\/div><p class=\"arac-project-query-loop-excerpt translation-block\"><em><strong>Proiectul<\/strong><\/em> <strong> (In)Visible Traces Artistic Memories of the Cold War<\/strong> reune\u0219te arti\u0219ti, profesioni\u0219ti din domeniul cultural, cercet\u0103tori, tineri, educatori pentru a participa la un proiect colaborativ despre patrimoniul cultural european, \u00een special pe perioada R\u0103zboiului Rece. Proiectul eviden\u021biaz\u0103 importan\u021ba p\u0103str\u0103rii \u0219i recunoa\u0219terii cl\u0103dirilor \u0219i siturilor istorice care au jucat un rol-cheie \u00een timpul R\u0103zboiului Rece, multe dintre ele fiind ast\u0103zi vacante sau \u00een pericol de a fi uitate. Prin \u00eembinarea expresiei artistice, cercet\u0103rii \u0219i protejarea patrimoniului, proiectul \u00ee\u0219i propune s\u0103 scoat\u0103 la lumin\u0103 aceste loca\u021bii uitate sau abandonate.<\/p><a class=\"arac-project-query_loop-readmore\" href=\"https:\/\/www.arac.ro\/ro\/project\/invisible-traces-artistic-memories-of-the-cold-war\/\">Cite\u0219te mai mult<\/a><\/div><\/div><\/div>","protected":false},"excerpt":{"rendered":"","protected":false},"author":1,"featured_media":0,"parent":29,"menu_order":0,"comment_status":"closed","ping_status":"closed","template":"","meta":{"footnotes":""},"class_list":["post-212","page","type-page","status-publish","hentry"],"_links":{"self":[{"href":"https:\/\/www.arac.ro\/ro\/wp-json\/wp\/v2\/pages\/212","targetHints":{"allow":["GET"]}}],"collection":[{"href":"https:\/\/www.arac.ro\/ro\/wp-json\/wp\/v2\/pages"}],"about":[{"href":"https:\/\/www.arac.ro\/ro\/wp-json\/wp\/v2\/types\/page"}],"author":[{"embeddable":true,"href":"https:\/\/www.arac.ro\/ro\/wp-json\/wp\/v2\/users\/1"}],"replies":[{"embeddable":true,"href":"https:\/\/www.arac.ro\/ro\/wp-json\/wp\/v2\/comments?post=212"}],"version-history":[{"count":2,"href":"https:\/\/www.arac.ro\/ro\/wp-json\/wp\/v2\/pages\/212\/revisions"}],"predecessor-version":[{"id":991,"href":"https:\/\/www.arac.ro\/ro\/wp-json\/wp\/v2\/pages\/212\/revisions\/991"}],"up":[{"embeddable":true,"href":"https:\/\/www.arac.ro\/ro\/wp-json\/wp\/v2\/pages\/29"}],"wp:attachment":[{"href":"https:\/\/www.arac.ro\/ro\/wp-json\/wp\/v2\/media?parent=212"}],"curies":[{"name":"wp","href":"https:\/\/api.w.org\/{rel}","templated":true}]}}