{"id":244,"date":"2025-07-01T15:35:26","date_gmt":"2025-07-01T15:35:26","guid":{"rendered":"https:\/\/new.arac.ro\/?page_id=244"},"modified":"2025-09-02T17:46:17","modified_gmt":"2025-09-02T17:46:17","slug":"bucuresti","status":"publish","type":"page","link":"https:\/\/www.arac.ro\/ro\/rezidente\/bucuresti\/","title":{"rendered":"Bucure\u0219ti"},"content":{"rendered":"<p><em>Reziden\u021ba din Bucure\u0219ti, ini\u021biat\u0103 \u00een 2015, este ancorat\u0103 \u00een ecosistemul cultural al ora\u0219ului \u0219i le permite arti\u0219tilor invita\u021bi s\u0103 se conecteze cu partenerii \u0219i re\u021belele pe termen lung ale ARAC. Reziden\u021bii beneficiaz\u0103 de suport curatoriat \u0219i pot alege s\u0103 \u00ee\u0219i \u00eemp\u0103rt\u0103\u0219easc\u0103 cercetarea cu publicul prin studiouri deschise sau prezent\u0103ri.<\/em><\/p>\n\n\n\n<h2 class=\"wp-block-heading\">Arti\u0219ti<\/h2>\n\n\n\n<div data-wp-router-region=\"query-15\" class=\"wp-block-query is-layout-flow wp-block-query-is-layout-flow\"><ul class=\"wp-block-post-template is-layout-flow wp-block-post-template-is-layout-flow\"><li class=\"wp-block-post post-413 resident type-resident status-publish has-post-thumbnail hentry residency_location-bucuresti\">\n\n<div class=\"wp-block-columns alignwide is-layout-flex wp-container-core-columns-is-layout-28f84493 wp-block-columns-is-layout-flex\">\n<div class=\"wp-block-column is-layout-flow wp-block-column-is-layout-flow\" style=\"flex-basis:30%\"><figure class=\"wp-block-post-featured-image\"><a href=\"https:\/\/www.arac.ro\/ro\/rezidenti\/zoya-laktionova\/\" target=\"_self\"  ><img decoding=\"async\" width=\"596\" height=\"894\" src=\"https:\/\/www.arac.ro\/wp-content\/uploads\/2025\/07\/LAKTIONOVA-Zoya.jpg\" class=\"attachment-post-thumbnail size-post-thumbnail wp-post-image\" alt=\"Zoya Laktionova\" style=\"border-radius:20px;object-fit:cover;\" srcset=\"https:\/\/www.arac.ro\/wp-content\/uploads\/2025\/07\/LAKTIONOVA-Zoya.jpg 596w, https:\/\/www.arac.ro\/wp-content\/uploads\/2025\/07\/LAKTIONOVA-Zoya-533x800.jpg 533w, https:\/\/www.arac.ro\/wp-content\/uploads\/2025\/07\/LAKTIONOVA-Zoya-8x12.jpg 8w\" sizes=\"(max-width: 596px) 100vw, 596px\" \/><\/a><\/figure><\/div>\n\n\n\n<div class=\"wp-block-column is-layout-flow wp-block-column-is-layout-flow\" style=\"flex-basis:70%\"><h2 class=\"wp-block-post-title\"><a href=\"https:\/\/www.arac.ro\/ro\/rezidenti\/zoya-laktionova\/\" target=\"_self\" >Zoya Laktionova<\/a><\/h2>\n\n<div class=\"wp-block-post-excerpt\"><p class=\"wp-block-post-excerpt__excerpt\">Zoya Laktionova (n. 1984) s-a n\u0103scut \u00een Mariupol. Zoya a ap\u0103rut pentru prima dat\u0103 \u00een lumea cinematografiei documentare ca personaj \u00een filmul Ma (10\u2019) \u00een 2017, iar un an mai t\u00e2rziu a realizat primul s\u0103u scurtmetraj documentar, Diorama, despre marea minat\u0103 din zona Mariupol. Filmul a c\u00e2\u0219tigat un premiu \u00een categoria MyStreetFilms la festivalului..<\/p><p class=\"wp-block-post-excerpt__more-text\"><a class=\"wp-block-post-excerpt__more-link\" href=\"https:\/\/www.arac.ro\/ro\/rezidenti\/zoya-laktionova\/\">Cite\u0219te mai mult<\/a><\/p><\/div><\/div>\n<\/div>\n\n<\/li><li class=\"wp-block-post post-609 resident type-resident status-publish has-post-thumbnail hentry residency_location-bucuresti\">\n\n<div class=\"wp-block-columns alignwide is-layout-flex wp-container-core-columns-is-layout-28f84493 wp-block-columns-is-layout-flex\">\n<div class=\"wp-block-column is-layout-flow wp-block-column-is-layout-flow\" style=\"flex-basis:30%\"><figure class=\"wp-block-post-featured-image\"><a href=\"https:\/\/www.arac.ro\/ro\/rezidenti\/yasmina-assbane\/\" target=\"_self\"  ><img decoding=\"async\" width=\"769\" height=\"1024\" src=\"https:\/\/www.arac.ro\/wp-content\/uploads\/2025\/07\/yasmina_assbane.jpg\" class=\"attachment-post-thumbnail size-post-thumbnail wp-post-image\" alt=\"Yasmina Assbane\" style=\"border-radius:20px;object-fit:cover;\" srcset=\"https:\/\/www.arac.ro\/wp-content\/uploads\/2025\/07\/yasmina_assbane.jpg 769w, https:\/\/www.arac.ro\/wp-content\/uploads\/2025\/07\/yasmina_assbane-601x800.jpg 601w, https:\/\/www.arac.ro\/wp-content\/uploads\/2025\/07\/yasmina_assbane-9x12.jpg 9w\" sizes=\"(max-width: 769px) 100vw, 769px\" \/><\/a><\/figure><\/div>\n\n\n\n<div class=\"wp-block-column is-layout-flow wp-block-column-is-layout-flow\" style=\"flex-basis:70%\"><h2 class=\"wp-block-post-title\"><a href=\"https:\/\/www.arac.ro\/ro\/rezidenti\/yasmina-assbane\/\" target=\"_self\" >Yasmina Assbane<\/a><\/h2>\n\n<div class=\"wp-block-post-excerpt\"><p class=\"wp-block-post-excerpt__excerpt\">Yasmina Assbane locuie\u0219te \u0219i lucreaz\u0103 \u00een Bruxelles, Belgia. De\u021bine o diplom\u0103 de licen\u021b\u0103 \u00een \u00eenv\u0103\u021b\u0103m\u00e2nt artistic superior la Academia de Arte Frumoase din Bruxelles. Este profesoar\u0103 pentru liceu la Royal Academy of Fine Arts din Bruxelles, unde anterior a urmat studii superioare \u00een arte.<\/p><p class=\"wp-block-post-excerpt__more-text\"><a class=\"wp-block-post-excerpt__more-link\" href=\"https:\/\/www.arac.ro\/ro\/rezidenti\/yasmina-assbane\/\">Cite\u0219te mai mult<\/a><\/p><\/div><\/div>\n<\/div>\n\n<\/li><\/ul><\/div>","protected":false},"excerpt":{"rendered":"<p>The Bucharest residency, initiated in 2015, is rooted in the city\u2019s cultural ecosystem and allows invited artists to connect with ARAC\u2019s long-term partners and networks. Residents benefit from curatorial support and may choose to share their research with the public through open studios or presentations. Arti\u0219ti<\/p>","protected":false},"author":1,"featured_media":0,"parent":31,"menu_order":0,"comment_status":"closed","ping_status":"closed","template":"","meta":{"footnotes":""},"class_list":["post-244","page","type-page","status-publish","hentry"],"_links":{"self":[{"href":"https:\/\/www.arac.ro\/ro\/wp-json\/wp\/v2\/pages\/244","targetHints":{"allow":["GET"]}}],"collection":[{"href":"https:\/\/www.arac.ro\/ro\/wp-json\/wp\/v2\/pages"}],"about":[{"href":"https:\/\/www.arac.ro\/ro\/wp-json\/wp\/v2\/types\/page"}],"author":[{"embeddable":true,"href":"https:\/\/www.arac.ro\/ro\/wp-json\/wp\/v2\/users\/1"}],"replies":[{"embeddable":true,"href":"https:\/\/www.arac.ro\/ro\/wp-json\/wp\/v2\/comments?post=244"}],"version-history":[{"count":9,"href":"https:\/\/www.arac.ro\/ro\/wp-json\/wp\/v2\/pages\/244\/revisions"}],"predecessor-version":[{"id":955,"href":"https:\/\/www.arac.ro\/ro\/wp-json\/wp\/v2\/pages\/244\/revisions\/955"}],"up":[{"embeddable":true,"href":"https:\/\/www.arac.ro\/ro\/wp-json\/wp\/v2\/pages\/31"}],"wp:attachment":[{"href":"https:\/\/www.arac.ro\/ro\/wp-json\/wp\/v2\/media?parent=244"}],"curies":[{"name":"wp","href":"https:\/\/api.w.org\/{rel}","templated":true}]}}