{"id":29,"date":"2025-06-21T11:26:26","date_gmt":"2025-06-21T11:26:26","guid":{"rendered":"https:\/\/new.arac.ro\/?page_id=29"},"modified":"2025-09-02T19:34:56","modified_gmt":"2025-09-02T19:34:56","slug":"proiecte","status":"publish","type":"page","link":"https:\/\/www.arac.ro\/ro\/proiecte\/","title":{"rendered":"Proiecte"},"content":{"rendered":"<div class=\"arac-project-query-loop\"><div class=\"arac-project-query-loop-item\"><div class=\"arac-project-query-loop-img\"><img decoding=\"async\" src=\"https:\/\/www.arac.ro\/wp-content\/uploads\/2026\/03\/645994612_920848860330049_3743306818046609926_n-768x960.jpg\"\/><\/div><div class=\"arac-project-query-loop-content\"><h2 class=\"arac-project-query-loop-title\"><a href=\"https:\/\/www.arac.ro\/ro\/project\/recreate-europe-2026-2029\/\">Re:Create Europe (2026\u20132029)<\/a><\/h2><div class=\"arac-project-query-loop-meta\"><span><strong>Start:<\/strong> 2026-03-25<\/span> <span><strong>End:<\/strong> 2029-12-16<\/span><\/div><p class=\"arac-project-query-loop-excerpt\">The&nbsp;European Alliance of Academies&nbsp;launches Re:Create Europe (2026\u20132029) \u2014 a four-year collaborative initiative co-funded by Creative Europe of the European Union. Re:Create Europe responds to increasing pressures on artistic freedom across the continent by reinforcing resilience, solidarity, and cultural autonomy. Through mobility schemes, residencies, learning formats, and exchange, the project supports artists and cultural professionals while&hellip;<\/p><a class=\"arac-project-query_loop-readmore\" href=\"https:\/\/www.arac.ro\/ro\/project\/recreate-europe-2026-2029\/\">Cite\u0219te mai mult<\/a><\/div><\/div><div class=\"arac-project-query-loop-item\"><div class=\"arac-project-query-loop-img\"><img decoding=\"async\" src=\"https:\/\/www.arac.ro\/wp-content\/uploads\/2025\/08\/3W7A7543-768x512.jpg\"\/><\/div><div class=\"arac-project-query-loop-content\"><h2 class=\"arac-project-query-loop-title\"><a href=\"https:\/\/www.arac.ro\/ro\/project\/rezidenta-artistica-sacel-editia-a-ii-a\/\">Reziden\u021ba Artistic\u0103 S\u0103cel, edi\u021bia a II-a<\/a><\/h2><div class=\"arac-project-query-loop-meta\"><span><strong>Start:<\/strong> 2025-05-15<\/span> <span><strong>End:<\/strong> 2025-09-30<\/span><\/div><p class=\"arac-project-query-loop-excerpt\">Reziden\u021ba Artistic\u0103 S\u0103cel, edi\u021bia a II-a, \u00ee\u0219i propune s\u0103 redescopere peisajul rural, o ramur\u0103 artistic\u0103 care a fost mereu o surs\u0103 constant\u0103 de inspira\u021bie de-a lungul istoriei artei. Proiectul urm\u0103re\u0219te crearea unei conexiuni prin dialog \u00eentre mai multe domenii interdisciplinare, precum: cultur\u0103 \u0219i spa\u021biile ei \u00een mediul rural, arhitectura vernacular\u0103, agricultura \u0219i ecologie.\n<\/p><a class=\"arac-project-query_loop-readmore\" href=\"https:\/\/www.arac.ro\/ro\/project\/rezidenta-artistica-sacel-editia-a-ii-a\/\">Cite\u0219te mai mult<\/a><\/div><\/div><div class=\"arac-project-query-loop-item\"><div class=\"arac-project-query-loop-img\"><img decoding=\"async\" src=\"https:\/\/www.arac.ro\/wp-content\/uploads\/2025\/08\/IMG_5850-scaled-2-768x576.jpg\"\/><\/div><div class=\"arac-project-query-loop-content\"><h2 class=\"arac-project-query-loop-title\"><a href=\"https:\/\/www.arac.ro\/ro\/project\/bridging-horizons-an-artistic-journey-from-bodo-to-maramures\/\">Bridging Horizons: An Artistic Journey from Bod\u00f8 to Maramure\u0219<\/a><\/h2><div class=\"arac-project-query-loop-meta\"><span><strong>Start:<\/strong> 2024-11-01<\/span> <span><strong>End:<\/strong> 2025-02-28<\/span><\/div><p class=\"arac-project-query-loop-excerpt translation-block\"><strong>Bridging Horizons: O c\u0103l\u0103torie artistic\u0103 de la Bod\u00f8 la Maramure\u0219<\/strong> este o ini\u021biativ\u0103 cultural\u0103, menit\u0103 s\u0103 consolideze rela\u021biile bilaterale dintre Rom\u00e2nia \u0219i Norvegia prin arta textil\u0103, at\u00e2t tradi\u021bional\u0103, c\u00e2t \u0219i contemporan\u0103. Ini\u021biativa promoveaz\u0103 schimbul de cuno\u0219tin\u021be, colaborarea artistic\u0103 \u0219i sustenabilitatea \u00een crea\u021bia textil\u0103, pun\u00e2nd accent pe dialogul intercultural \u0219i pe p\u0103strarea tradi\u021biilor.<\/p><a class=\"arac-project-query_loop-readmore\" href=\"https:\/\/www.arac.ro\/ro\/project\/bridging-horizons-an-artistic-journey-from-bodo-to-maramures\/\">Cite\u0219te mai mult<\/a><\/div><\/div><div class=\"arac-project-query-loop-item\"><div class=\"arac-project-query-loop-img\"><img decoding=\"async\" src=\"https:\/\/www.arac.ro\/wp-content\/uploads\/2025\/08\/VCD091640-768x551.jpg\"\/><\/div><div class=\"arac-project-query-loop-content\"><h2 class=\"arac-project-query-loop-title\"><a href=\"https:\/\/www.arac.ro\/ro\/project\/invisible-traces-artistic-memories-of-the-cold-war\/\">(In)Visible Traces. Artistic Memories of the Cold War<\/a><\/h2><div class=\"arac-project-query-loop-meta\"><span><strong>Start:<\/strong> 2024-01-01<\/span> <span><strong>End:<\/strong> 2026-05-31<\/span><\/div><p class=\"arac-project-query-loop-excerpt translation-block\"><em><strong>Proiectul<\/strong><\/em> <strong> (In)Visible Traces Artistic Memories of the Cold War<\/strong> reune\u0219te arti\u0219ti, profesioni\u0219ti din domeniul cultural, cercet\u0103tori, tineri, educatori pentru a participa la un proiect colaborativ despre patrimoniul cultural european, \u00een special pe perioada R\u0103zboiului Rece. Proiectul eviden\u021biaz\u0103 importan\u021ba p\u0103str\u0103rii \u0219i recunoa\u0219terii cl\u0103dirilor \u0219i siturilor istorice care au jucat un rol-cheie \u00een timpul R\u0103zboiului Rece, multe dintre ele fiind ast\u0103zi vacante sau \u00een pericol de a fi uitate. Prin \u00eembinarea expresiei artistice, cercet\u0103rii \u0219i protejarea patrimoniului, proiectul \u00ee\u0219i propune s\u0103 scoat\u0103 la lumin\u0103 aceste loca\u021bii uitate sau abandonate.<\/p><a class=\"arac-project-query_loop-readmore\" href=\"https:\/\/www.arac.ro\/ro\/project\/invisible-traces-artistic-memories-of-the-cold-war\/\">Cite\u0219te mai mult<\/a><\/div><\/div><div class=\"arac-project-query-loop-item\"><div class=\"arac-project-query-loop-img\"><img decoding=\"async\" src=\"https:\/\/www.arac.ro\/wp-content\/uploads\/2025\/08\/Screenshot-2025-08-26-131357-768x513.jpg\"\/><\/div><div class=\"arac-project-query-loop-content\"><h2 class=\"arac-project-query-loop-title\"><a href=\"https:\/\/www.arac.ro\/ro\/project\/arists-for-artists-residency-network-afar\/\">Arists for Artists Residency Network (AFAR)<\/a><\/h2><div class=\"arac-project-query-loop-meta\"><span><strong>Start:<\/strong> 2023-03-01<\/span> <span><strong>End:<\/strong> 2024-12-31<\/span><\/div><p class=\"arac-project-query-loop-excerpt\">Artists for Artists Residency Network (AFAR) este un proiect cofinan\u021bat de Uniunea European\u0103, care urm\u0103re\u0219te s\u0103 \u00eembun\u0103t\u0103\u021beasc\u0103 mobilitatea arti\u0219tilor vizuali contemporani \u0219i a curatorilor din cele patru \u021b\u0103ri partenere europene \u2013 Rom\u00e2nia, Germania, Croa\u021bia \u0219i Austria. Proiectul este coordonat de Asocia\u021bia Rom\u00e2n\u0103 pentru Art\u0103 Contemporan\u0103 (ARAC), \u00eempreun\u0103 cu trei parteneri din consor\u021biu \u2013 re\u021beaua Institutului Goethe, Asocia\u021bia Croat\u0103 a Arti\u0219tilor Plastici \u0219i K\u00fcnstlerhaus Viena. Un partener strategic asociat al proiectului este La Kunsthalle Mulhouse, care este de asemenea Centre d\u2019Art Contemporain d\u2019Int\u00e9r\u00eat National de la Ville de Mulhouse.<\/p><a class=\"arac-project-query_loop-readmore\" href=\"https:\/\/www.arac.ro\/ro\/project\/arists-for-artists-residency-network-afar\/\">Cite\u0219te mai mult<\/a><\/div><\/div><div class=\"arac-project-query-loop-item\"><div class=\"arac-project-query-loop-img\"><img decoding=\"async\" src=\"https:\/\/www.arac.ro\/wp-content\/uploads\/2025\/08\/Afis-Blue-Sun-rgb-768x1098.jpg\"\/><\/div><div class=\"arac-project-query-loop-content\"><h2 class=\"arac-project-query-loop-title\"><a href=\"https:\/\/www.arac.ro\/ro\/project\/blue-sun-conversations-on-art-science-and-ecology\/\">Blue Sun. Conversations on Art, Science and Ecology.<\/a><\/h2><div class=\"arac-project-query-loop-meta\"><span><strong>Start:<\/strong> 2023-01-01<\/span> <span><strong>End:<\/strong> 2023-12-31<\/span><\/div><p class=\"arac-project-query-loop-excerpt translation-block\">Proiectul  <em><strong>Blue Sun. Conversation about art, science and ecology<\/strong><\/em> propune o abordare conceptual\u0103 a fenomenului Aurora Boreal\u0103 \u0219i a Luminilor Nordice \u0219i const\u0103 \u00eentr-o documentare artistic\u0103 asupra \u0219tiin\u021bei, ecologiei \u0219i fascina\u021biei noastre recurente pentru explorarea ecosistemelor planetei. \u201eThe Pale Blue Sun\u201d preia celebra expresie a lui Carl Sagan folosit\u0103 pentru a descrie planeta P\u0103m\u00e2nt,  cum a fost v\u0103zut\u0103 de sonda Voyager \u00een vastitatea spa\u021biului, eviden\u021biind at\u00e2t fragilitatea ecosistemului din care facem parte, c\u00e2t \u0219i unicitatea sa.<\/p><a class=\"arac-project-query_loop-readmore\" href=\"https:\/\/www.arac.ro\/ro\/project\/blue-sun-conversations-on-art-science-and-ecology\/\">Cite\u0219te mai mult<\/a><\/div><\/div><div class=\"arac-project-query-loop-item\"><div class=\"arac-project-query-loop-img\"><img decoding=\"async\" src=\"https:\/\/www.arac.ro\/wp-content\/uploads\/2025\/08\/1136937_mini-768x576.jpg\"\/><\/div><div class=\"arac-project-query-loop-content\"><h2 class=\"arac-project-query-loop-title\"><a href=\"https:\/\/www.arac.ro\/ro\/project\/arac-art-and-residency\/\">ARAC Art and Residency<\/a><\/h2><div class=\"arac-project-query-loop-meta\"><span><strong>Start:<\/strong> 2020-02-01<\/span> <span><strong>End:<\/strong> 2022-12-30<\/span><\/div><p class=\"arac-project-query-loop-excerpt translation-block\"><strong>ARAC ART &amp; RESIDENCY<\/strong> este dedicat conect\u0103rii arti\u0219tilor \u0219i curatorilor interna\u021bionali cu scena cultural\u0103 din Rom\u00e2nia. Lansat \u00een 2020 ca un program pe doi ani, acesta a inclus reziden\u021be artistice, expozi\u021bii \u0219i evenimente, concentrate pe video, performance \u0219i discu\u021bii.<\/p><a class=\"arac-project-query_loop-readmore\" href=\"https:\/\/www.arac.ro\/ro\/project\/arac-art-and-residency\/\">Cite\u0219te mai mult<\/a><\/div><\/div><\/div>","protected":false},"excerpt":{"rendered":"","protected":false},"author":1,"featured_media":0,"parent":0,"menu_order":0,"comment_status":"closed","ping_status":"closed","template":"","meta":{"footnotes":""},"class_list":["post-29","page","type-page","status-publish","hentry"],"_links":{"self":[{"href":"https:\/\/www.arac.ro\/ro\/wp-json\/wp\/v2\/pages\/29","targetHints":{"allow":["GET"]}}],"collection":[{"href":"https:\/\/www.arac.ro\/ro\/wp-json\/wp\/v2\/pages"}],"about":[{"href":"https:\/\/www.arac.ro\/ro\/wp-json\/wp\/v2\/types\/page"}],"author":[{"embeddable":true,"href":"https:\/\/www.arac.ro\/ro\/wp-json\/wp\/v2\/users\/1"}],"replies":[{"embeddable":true,"href":"https:\/\/www.arac.ro\/ro\/wp-json\/wp\/v2\/comments?post=29"}],"version-history":[{"count":3,"href":"https:\/\/www.arac.ro\/ro\/wp-json\/wp\/v2\/pages\/29\/revisions"}],"predecessor-version":[{"id":990,"href":"https:\/\/www.arac.ro\/ro\/wp-json\/wp\/v2\/pages\/29\/revisions\/990"}],"wp:attachment":[{"href":"https:\/\/www.arac.ro\/ro\/wp-json\/wp\/v2\/media?parent=29"}],"curies":[{"name":"wp","href":"https:\/\/api.w.org\/{rel}","templated":true}]}}