{"id":31,"date":"2025-06-21T11:26:40","date_gmt":"2025-06-21T11:26:40","guid":{"rendered":"https:\/\/new.arac.ro\/?page_id=31"},"modified":"2025-07-02T14:38:38","modified_gmt":"2025-07-02T14:38:38","slug":"rezidente","status":"publish","type":"page","link":"https:\/\/www.arac.ro\/ro\/rezidente\/","title":{"rendered":"Reziden\u021be"},"content":{"rendered":"<p class=\"has-text-align-left\">ARAC desf\u0103\u0219oar\u0103 dou\u0103 programe de reziden\u021b\u0103 pentru arti\u0219ti contemporani \u0219i speciali\u0219ti din domeniul cultural, , oferind spa\u021biu \u0219i timp pentru reflec\u021bie, cercetare \u0219i dezvoltarea de noi lucr\u0103ri, at\u00e2t \u00een medii urbane, c\u00e2t \u0219i rurale din Rom\u00e2nia. Reziden\u021bele sunt str\u00e2ns legate de activit\u0103\u021bile  ARAC \u00een domeniul expozi\u021biilor, publica\u021biilor \u0219i colabor\u0103rilor interna\u021bionale, oferind reziden\u021bilor contexte profesionale \u0219i artistice relevante.<\/p>\n\n\n\n<p>Reziden\u021ba din Bucure\u0219ti, ini\u021biat\u0103 \u00een 2015, este ancorat\u0103 \u00een ecosistemul cultural al ora\u0219ului \u0219i le permite arti\u0219tilor invita\u021bi s\u0103 se conecteze cu partenerii \u0219i re\u021belele pe termen lung ale ARAC. Reziden\u021bii beneficiaz\u0103 de suport curatoriat \u0219i pot alege s\u0103 \u00ee\u0219i \u00eemp\u0103rt\u0103\u0219easc\u0103 cercetarea cu publicul prin studiouri deschise sau prezent\u0103ri.<\/p>\n\n\n\n<figure class=\"wp-block-gallery has-nested-images columns-4 is-cropped wp-block-gallery-1 is-layout-flex wp-block-gallery-is-layout-flex\">\n<figure class=\"wp-block-image size-large\"><a href=\"https:\/\/www.arac.ro\/wp-content\/uploads\/2025\/07\/image6.jpeg\" data-lbwps-gid=\"2\" data-lbwps-width=\"1600\" data-lbwps-height=\"1200\" data-lbwps-srcsmall=\"https:\/\/www.arac.ro\/wp-content\/uploads\/2025\/07\/image6.jpeg\"><img decoding=\"async\" width=\"1200\" height=\"900\" data-id=\"341\" src=\"https:\/\/www.arac.ro\/wp-content\/uploads\/2025\/07\/image6-1200x900.jpeg\" alt=\"\" class=\"wp-image-341\" srcset=\"https:\/\/www.arac.ro\/wp-content\/uploads\/2025\/07\/image6-1200x900.jpeg 1200w, https:\/\/www.arac.ro\/wp-content\/uploads\/2025\/07\/image6-800x600.jpeg 800w, https:\/\/www.arac.ro\/wp-content\/uploads\/2025\/07\/image6-768x576.jpeg 768w, https:\/\/www.arac.ro\/wp-content\/uploads\/2025\/07\/image6-1536x1152.jpeg 1536w, https:\/\/www.arac.ro\/wp-content\/uploads\/2025\/07\/image6-16x12.jpeg 16w, https:\/\/www.arac.ro\/wp-content\/uploads\/2025\/07\/image6.jpeg 1600w\" sizes=\"(max-width: 1200px) 100vw, 1200px\" \/><\/a><\/figure>\n\n\n\n<figure class=\"wp-block-image size-large\"><a href=\"https:\/\/www.arac.ro\/wp-content\/uploads\/2025\/07\/image5.jpeg\" data-lbwps-gid=\"2\" data-lbwps-width=\"1200\" data-lbwps-height=\"1600\" data-lbwps-srcsmall=\"https:\/\/www.arac.ro\/wp-content\/uploads\/2025\/07\/image5-9x12.jpeg\"><img decoding=\"async\" width=\"900\" height=\"1200\" data-id=\"342\" src=\"https:\/\/www.arac.ro\/wp-content\/uploads\/2025\/07\/image5-900x1200.jpeg\" alt=\"\" class=\"wp-image-342\" srcset=\"https:\/\/www.arac.ro\/wp-content\/uploads\/2025\/07\/image5-900x1200.jpeg 900w, https:\/\/www.arac.ro\/wp-content\/uploads\/2025\/07\/image5-600x800.jpeg 600w, https:\/\/www.arac.ro\/wp-content\/uploads\/2025\/07\/image5-768x1024.jpeg 768w, https:\/\/www.arac.ro\/wp-content\/uploads\/2025\/07\/image5-1152x1536.jpeg 1152w, https:\/\/www.arac.ro\/wp-content\/uploads\/2025\/07\/image5-9x12.jpeg 9w, https:\/\/www.arac.ro\/wp-content\/uploads\/2025\/07\/image5.jpeg 1200w\" sizes=\"(max-width: 900px) 100vw, 900px\" \/><\/a><\/figure>\n\n\n\n<figure class=\"wp-block-image size-large\"><a href=\"https:\/\/www.arac.ro\/wp-content\/uploads\/2025\/07\/image4.jpeg\" data-lbwps-gid=\"2\" data-lbwps-width=\"1200\" data-lbwps-height=\"1600\" data-lbwps-srcsmall=\"https:\/\/www.arac.ro\/wp-content\/uploads\/2025\/07\/image4-9x12.jpeg\"><img decoding=\"async\" width=\"900\" height=\"1200\" data-id=\"343\" src=\"https:\/\/www.arac.ro\/wp-content\/uploads\/2025\/07\/image4-900x1200.jpeg\" alt=\"\" class=\"wp-image-343\" srcset=\"https:\/\/www.arac.ro\/wp-content\/uploads\/2025\/07\/image4-900x1200.jpeg 900w, https:\/\/www.arac.ro\/wp-content\/uploads\/2025\/07\/image4-600x800.jpeg 600w, https:\/\/www.arac.ro\/wp-content\/uploads\/2025\/07\/image4-768x1024.jpeg 768w, https:\/\/www.arac.ro\/wp-content\/uploads\/2025\/07\/image4-1152x1536.jpeg 1152w, https:\/\/www.arac.ro\/wp-content\/uploads\/2025\/07\/image4-9x12.jpeg 9w, https:\/\/www.arac.ro\/wp-content\/uploads\/2025\/07\/image4.jpeg 1200w\" sizes=\"(max-width: 900px) 100vw, 900px\" \/><\/a><\/figure>\n\n\n\n<figure class=\"wp-block-image size-large\"><a href=\"https:\/\/www.arac.ro\/wp-content\/uploads\/2025\/07\/image7.jpeg\" data-lbwps-gid=\"2\" data-lbwps-width=\"1200\" data-lbwps-height=\"1600\" data-lbwps-srcsmall=\"https:\/\/www.arac.ro\/wp-content\/uploads\/2025\/07\/image7-9x12.jpeg\"><img decoding=\"async\" width=\"900\" height=\"1200\" data-id=\"344\" src=\"https:\/\/www.arac.ro\/wp-content\/uploads\/2025\/07\/image7-900x1200.jpeg\" alt=\"\" class=\"wp-image-344\" srcset=\"https:\/\/www.arac.ro\/wp-content\/uploads\/2025\/07\/image7-900x1200.jpeg 900w, https:\/\/www.arac.ro\/wp-content\/uploads\/2025\/07\/image7-600x800.jpeg 600w, https:\/\/www.arac.ro\/wp-content\/uploads\/2025\/07\/image7-768x1024.jpeg 768w, https:\/\/www.arac.ro\/wp-content\/uploads\/2025\/07\/image7-1152x1536.jpeg 1152w, https:\/\/www.arac.ro\/wp-content\/uploads\/2025\/07\/image7-9x12.jpeg 9w, https:\/\/www.arac.ro\/wp-content\/uploads\/2025\/07\/image7.jpeg 1200w\" sizes=\"(max-width: 900px) 100vw, 900px\" \/><\/a><\/figure>\n<\/figure>\n\n\n\n<p>\u00cen 2024, a fost lansat un nou program de reziden\u021be \u00een satul S\u0103cel, Maramure\u0219, \u00een nordul Rom\u00e2niei. Acest context rural ofer\u0103 oportunitatea de a aborda teme precum ecologia, memoria, tradi\u021biile locale \u0219i practicile sustenabile. \u00cen centrul programului se afl\u0103 reconversia fostei g\u0103ri dezafectate din S\u0103cel \u00eentr-un spa\u021biu de lucru pentru arti\u0219ti \u0219i \u00eentr-un viitor loc destinat expozi\u021biilor temporare. Ini\u021biativa reflect\u0103 interesul constant al ARAC pentru peisaj \u0219i comunitate, cre\u00e2nd o leg\u0103tur\u0103 \u00eentre arta contemporan\u0103 \u0219i patrimoniul rural.<\/p>\n\n\n\n<figure class=\"wp-block-gallery has-nested-images columns-4 is-cropped wp-block-gallery-2 is-layout-flex wp-block-gallery-is-layout-flex\">\n<figure class=\"wp-block-image size-large\"><a href=\"https:\/\/www.arac.ro\/wp-content\/uploads\/2025\/07\/image3.jpeg\" data-lbwps-gid=\"3\" data-lbwps-width=\"1600\" data-lbwps-height=\"901\" data-lbwps-srcsmall=\"https:\/\/www.arac.ro\/wp-content\/uploads\/2025\/07\/image3-18x10.jpeg\"><img decoding=\"async\" width=\"1200\" height=\"676\" data-id=\"347\" src=\"https:\/\/www.arac.ro\/wp-content\/uploads\/2025\/07\/image3-1200x676.jpeg\" alt=\"\" class=\"wp-image-347\" srcset=\"https:\/\/www.arac.ro\/wp-content\/uploads\/2025\/07\/image3-1200x676.jpeg 1200w, https:\/\/www.arac.ro\/wp-content\/uploads\/2025\/07\/image3-800x451.jpeg 800w, https:\/\/www.arac.ro\/wp-content\/uploads\/2025\/07\/image3-768x432.jpeg 768w, https:\/\/www.arac.ro\/wp-content\/uploads\/2025\/07\/image3-1536x865.jpeg 1536w, https:\/\/www.arac.ro\/wp-content\/uploads\/2025\/07\/image3-18x10.jpeg 18w, https:\/\/www.arac.ro\/wp-content\/uploads\/2025\/07\/image3.jpeg 1600w\" sizes=\"(max-width: 1200px) 100vw, 1200px\" \/><\/a><\/figure>\n\n\n\n<figure class=\"wp-block-image size-large\"><a href=\"https:\/\/www.arac.ro\/wp-content\/uploads\/2025\/07\/image2.jpeg\" data-lbwps-gid=\"3\" data-lbwps-width=\"1600\" data-lbwps-height=\"1200\" data-lbwps-srcsmall=\"https:\/\/www.arac.ro\/wp-content\/uploads\/2025\/07\/image2.jpeg\"><img decoding=\"async\" width=\"1200\" height=\"900\" data-id=\"349\" src=\"https:\/\/www.arac.ro\/wp-content\/uploads\/2025\/07\/image2-1200x900.jpeg\" alt=\"\" class=\"wp-image-349\" srcset=\"https:\/\/www.arac.ro\/wp-content\/uploads\/2025\/07\/image2-1200x900.jpeg 1200w, https:\/\/www.arac.ro\/wp-content\/uploads\/2025\/07\/image2-800x600.jpeg 800w, https:\/\/www.arac.ro\/wp-content\/uploads\/2025\/07\/image2-768x576.jpeg 768w, https:\/\/www.arac.ro\/wp-content\/uploads\/2025\/07\/image2-1536x1152.jpeg 1536w, https:\/\/www.arac.ro\/wp-content\/uploads\/2025\/07\/image2-16x12.jpeg 16w, https:\/\/www.arac.ro\/wp-content\/uploads\/2025\/07\/image2.jpeg 1600w\" sizes=\"(max-width: 1200px) 100vw, 1200px\" \/><\/a><\/figure>\n\n\n\n<figure class=\"wp-block-image size-large\"><a href=\"https:\/\/www.arac.ro\/wp-content\/uploads\/2025\/07\/image1.jpeg\" data-lbwps-gid=\"3\" data-lbwps-width=\"1600\" data-lbwps-height=\"1200\" data-lbwps-srcsmall=\"https:\/\/www.arac.ro\/wp-content\/uploads\/2025\/07\/image1.jpeg\"><img decoding=\"async\" width=\"1200\" height=\"900\" data-id=\"348\" src=\"https:\/\/www.arac.ro\/wp-content\/uploads\/2025\/07\/image1-1200x900.jpeg\" alt=\"\" class=\"wp-image-348\" srcset=\"https:\/\/www.arac.ro\/wp-content\/uploads\/2025\/07\/image1-1200x900.jpeg 1200w, https:\/\/www.arac.ro\/wp-content\/uploads\/2025\/07\/image1-800x600.jpeg 800w, https:\/\/www.arac.ro\/wp-content\/uploads\/2025\/07\/image1-768x576.jpeg 768w, https:\/\/www.arac.ro\/wp-content\/uploads\/2025\/07\/image1-1536x1152.jpeg 1536w, https:\/\/www.arac.ro\/wp-content\/uploads\/2025\/07\/image1-16x12.jpeg 16w, https:\/\/www.arac.ro\/wp-content\/uploads\/2025\/07\/image1.jpeg 1600w\" sizes=\"(max-width: 1200px) 100vw, 1200px\" \/><\/a><\/figure>\n\n\n\n<figure class=\"wp-block-image size-large\"><a href=\"https:\/\/www.arac.ro\/wp-content\/uploads\/2025\/07\/image0.jpeg\" data-lbwps-gid=\"3\" data-lbwps-width=\"1600\" data-lbwps-height=\"1200\" data-lbwps-srcsmall=\"https:\/\/www.arac.ro\/wp-content\/uploads\/2025\/07\/image0.jpeg\"><img decoding=\"async\" width=\"1200\" height=\"900\" data-id=\"346\" src=\"https:\/\/www.arac.ro\/wp-content\/uploads\/2025\/07\/image0-1200x900.jpeg\" alt=\"\" class=\"wp-image-346\" srcset=\"https:\/\/www.arac.ro\/wp-content\/uploads\/2025\/07\/image0-1200x900.jpeg 1200w, https:\/\/www.arac.ro\/wp-content\/uploads\/2025\/07\/image0-800x600.jpeg 800w, https:\/\/www.arac.ro\/wp-content\/uploads\/2025\/07\/image0-768x576.jpeg 768w, https:\/\/www.arac.ro\/wp-content\/uploads\/2025\/07\/image0-1536x1152.jpeg 1536w, https:\/\/www.arac.ro\/wp-content\/uploads\/2025\/07\/image0-16x12.jpeg 16w, https:\/\/www.arac.ro\/wp-content\/uploads\/2025\/07\/image0.jpeg 1600w\" sizes=\"(max-width: 1200px) 100vw, 1200px\" \/><\/a><\/figure>\n<\/figure>\n\n\n\n<p>Fiecare reziden\u021b\u0103 este conturat\u0103 prin dialog cu arti\u0219tii participan\u021bi \u0219i nu urmeaz\u0103 un format fix. \u00cen timp ce o parte dintre reziden\u021bi se concentreaz\u0103 pe cercetare sau scris, al\u021bii pot dezvolta proiecte pe termen lung \u00een str\u00e2ns\u0103 colaborare cu comunit\u0103\u021bile locale. Programele sunt deschise arti\u0219tilor din diferite discipline \u0219i sus\u021bin abord\u0103ri experimentale, interdisciplinare \u0219i cu caracter social.<\/p>\n\n\n\n<p>ARAC colaboreaz\u0103 cu parteneri na\u021bionali \u0219i interna\u021bionali pentru a g\u0103zdui reziden\u021bele sale, care pot fi ini\u021biate prin invita\u021bii directe, parteneriate institu\u021bionale sau apeluri deschise anun\u021bate periodic. Toate reziden\u021bele sunt documentate online \u0219i contribuie la arhiva \u00een cre\u0219tere a ARAC privind cercetarea artistic\u0103, implic\u00e2nd at\u00e2t contexte urbane, c\u00e2t \u0219i rurale din Rom\u00e2nia.&nbsp;&nbsp;<\/p>","protected":false},"excerpt":{"rendered":"<p>ARAC runs two residency programmes for contemporary artists and cultural practitioners, offering space and time for reflection, research, and the development of new work in both urban and rural settings in Romania. The residencies are closely linked to ARAC\u2019s wider activities in exhibition-making, publishing, and international collaboration, providing residents with meaningful professional and artistic contexts.&hellip;<\/p>","protected":false},"author":1,"featured_media":0,"parent":0,"menu_order":0,"comment_status":"closed","ping_status":"closed","template":"","meta":{"footnotes":""},"class_list":["post-31","page","type-page","status-publish","hentry"],"_links":{"self":[{"href":"https:\/\/www.arac.ro\/ro\/wp-json\/wp\/v2\/pages\/31","targetHints":{"allow":["GET"]}}],"collection":[{"href":"https:\/\/www.arac.ro\/ro\/wp-json\/wp\/v2\/pages"}],"about":[{"href":"https:\/\/www.arac.ro\/ro\/wp-json\/wp\/v2\/types\/page"}],"author":[{"embeddable":true,"href":"https:\/\/www.arac.ro\/ro\/wp-json\/wp\/v2\/users\/1"}],"replies":[{"embeddable":true,"href":"https:\/\/www.arac.ro\/ro\/wp-json\/wp\/v2\/comments?post=31"}],"version-history":[{"count":8,"href":"https:\/\/www.arac.ro\/ro\/wp-json\/wp\/v2\/pages\/31\/revisions"}],"predecessor-version":[{"id":354,"href":"https:\/\/www.arac.ro\/ro\/wp-json\/wp\/v2\/pages\/31\/revisions\/354"}],"wp:attachment":[{"href":"https:\/\/www.arac.ro\/ro\/wp-json\/wp\/v2\/media?parent=31"}],"curies":[{"name":"wp","href":"https:\/\/api.w.org\/{rel}","templated":true}]}}