{"id":315,"date":"2025-07-02T10:41:57","date_gmt":"2025-07-02T10:41:57","guid":{"rendered":"https:\/\/new.arac.ro\/?page_id=315"},"modified":"2025-07-02T10:44:56","modified_gmt":"2025-07-02T10:44:56","slug":"expozitii","status":"publish","type":"page","link":"https:\/\/www.arac.ro\/ro\/programe-publice\/expozitii\/","title":{"rendered":"Expozitii"},"content":{"rendered":"<div class=\"arac-event-query-loop\"><div class=\"arac-event-query-loop-item\"><div class=\"arac-event-query-loop-img\"><img decoding=\"async\" src=\"https:\/\/www.arac.ro\/wp-content\/uploads\/2025\/11\/3-768x960.jpg\"\/><\/div><div class=\"arac-event-query-loop-content\"><h2 class=\"arac-event-query-loop-title\"><a href=\"https:\/\/www.arac.ro\/ro\/exhibition\/solo-presentation-ioana-cirlig-paris-photo-2025\/\">Solo presentation | Ioana C\u00eerlig | Paris Photo 2025<\/a><\/h2><div class=\"arac-event-query-loop-meta\"><span><strong>Start:<\/strong> 2025-11-13<\/span> <span><strong>End:<\/strong> 2025-11-16<\/span><\/div><p class=\"arac-event-query-loop-excerpt\" style=\"margin-bottom:0.5em\">Anca Poterasu Gallery and ARAC took part in\u00a0Paris Photo 2025\u00a0within the\u00a0Voices Section, curated by\u00a0Devika Singh. We presented a solo exhibition by\u00a0Ioana C\u00eerlig, showcasing her long-term project\u00a0The New Empire\u2014a powerful visual investigation of our complex and often uncanny relationship with nature, initiated in 2017.<\/p><a class=\"arac-event-query_loop-readmore\" style=\"display:inline-block;padding:0.3em 1em;background:#222;color:#fff;text-decoration:none;border-radius:2px;font-size:0.95em\" href=\"https:\/\/www.arac.ro\/ro\/exhibition\/solo-presentation-ioana-cirlig-paris-photo-2025\/\">Cite\u0219te mai mult<\/a><\/div><\/div><div class=\"arac-event-query-loop-item\"><div class=\"arac-event-query-loop-img\"><img decoding=\"async\" src=\"https:\/\/www.arac.ro\/wp-content\/uploads\/2025\/08\/3-768x960.jpg\"\/><\/div><div class=\"arac-event-query-loop-content\"><h2 class=\"arac-event-query-loop-title\"><a href=\"https:\/\/www.arac.ro\/ro\/exhibition\/sacel-art-residency-exhibiton\/\">S\u0103cel Art Residency exhibiton<\/a><\/h2><div class=\"arac-event-query-loop-meta\"><span><strong>Start:<\/strong> 2025-08-15<\/span> <span><strong>End:<\/strong> 2025-08-31<\/span><\/div><p class=\"arac-event-query-loop-excerpt\" style=\"margin-bottom:0.5em\">Pe parcursul a dou\u0103 s\u0103pt\u0103m\u00e2ni, un grup de arti\u0219ti \u2014 Morgane Denzler, Damien Rouxel, Delia Popa, Ioana C\u00eerlig, Andreea Medar \u0219i Ilie Mihali \u2014 au reactivat proiectul la S\u0103cel (Maramure\u0219, Rom\u00e2nia), la invita\u021bia Anc\u0103i Poterasu (ARAC). A fost un timp colectiv de reflec\u021bie, \u00eent\u00e2lniri, experimente artistice, discu\u021bii \u00eendelungate \u0219i intreb\u0103ri asupra realit\u0103\u021bilor agricole ale locului. R\u0103m\u00e2nem profund con\u0219tien\u021bi de fragilitatea acestor practici agricole.\n\n<\/p><a class=\"arac-event-query_loop-readmore\" style=\"display:inline-block;padding:0.3em 1em;background:#222;color:#fff;text-decoration:none;border-radius:2px;font-size:0.95em\" href=\"https:\/\/www.arac.ro\/ro\/exhibition\/sacel-art-residency-exhibiton\/\">Cite\u0219te mai mult<\/a><\/div><\/div><div class=\"arac-event-query-loop-item\"><div class=\"arac-event-query-loop-img\"><img decoding=\"async\" src=\"https:\/\/www.arac.ro\/wp-content\/uploads\/2025\/08\/Loc-de-actiune-Cretesti-2-768x960.jpg\"\/><\/div><div class=\"arac-event-query-loop-content\"><h2 class=\"arac-event-query-loop-title\"><a href=\"https:\/\/www.arac.ro\/ro\/exhibition\/loc-de-actiune-cretesti\/\">Loc de Ac\u021biune &#8211; Cre\u021besti<\/a><\/h2><div class=\"arac-event-query-loop-meta\"><span><strong>Start:<\/strong> 2025-05-15<\/span> <span><strong>End:<\/strong> 2025-07-01<\/span><\/div><p class=\"arac-event-query-loop-excerpt\" style=\"margin-bottom:0.5em\">Din 2020, Delia Popa se concentreaz\u0103 asupra locului s\u0103u, satul Cre\u021be\u0219ti, situat \u00een comuna Vidra, \u00een sudul jude\u021bului Ilfov. \u00cen casa bunicilor, \u00ee\u0219i stabile\u0219te studioul. \u00cen 2022, pornind de la aceast\u0103 loca\u021bie, lucreaz\u0103 \u00een armonie cu casa: mobilierul, pl\u0103cile ceramice care \u00eempodobesc soba cu lemne, arhitectura, lemnul, obiectele cotidiene. De asemenea, lucreaz\u0103 cu ecosistemul gr\u0103dinii: nucul, sera, culturile, locuitorii umani \u0219i mai-pu\u021bin-umani. <\/p><a class=\"arac-event-query_loop-readmore\" style=\"display:inline-block;padding:0.3em 1em;background:#222;color:#fff;text-decoration:none;border-radius:2px;font-size:0.95em\" href=\"https:\/\/www.arac.ro\/ro\/exhibition\/loc-de-actiune-cretesti\/\">Cite\u0219te mai mult<\/a><\/div><\/div><div class=\"arac-event-query-loop-item\"><div class=\"arac-event-query-loop-img\"><img decoding=\"async\" src=\"https:\/\/www.arac.ro\/wp-content\/uploads\/2025\/08\/WhatsApp-Image-2025-08-28-at-16.01.15_b19229b9-768x768.jpg\"\/><\/div><div class=\"arac-event-query-loop-content\"><h2 class=\"arac-event-query-loop-title\"><a href=\"https:\/\/www.arac.ro\/ro\/exhibition\/a-journey-to-the-center-of-the-earth\/\">A Journey to the Center of the Earth<\/a><\/h2><div class=\"arac-event-query-loop-meta\"><span><strong>Start:<\/strong> 2025-02-03<\/span> <span><strong>End:<\/strong> 2025-03-30<\/span><\/div><p class=\"arac-event-query-loop-excerpt\" style=\"margin-bottom:0.5em\">Expozi\u021bia A Journey to the Center of the Earth face parte din proiectul Bridging Horizons: An Artistic Journey from\u00a0Bod\u00f8 to Maramure\u0219, dezvoltat \u00een timpul reziden\u021bei artistice, explor\u00e2nd cultura Sami \u0219i leg\u0103turile dintre Norvegia \u0219i Maramure\u0219, cu accent pe arta textil\u0103.<\/p><a class=\"arac-event-query_loop-readmore\" style=\"display:inline-block;padding:0.3em 1em;background:#222;color:#fff;text-decoration:none;border-radius:2px;font-size:0.95em\" href=\"https:\/\/www.arac.ro\/ro\/exhibition\/a-journey-to-the-center-of-the-earth\/\">Cite\u0219te mai mult<\/a><\/div><\/div><div class=\"arac-event-query-loop-item\"><div class=\"arac-event-query-loop-img\"><img decoding=\"async\" src=\"https:\/\/www.arac.ro\/wp-content\/uploads\/2025\/08\/directie_final-03-min-768x768.png\"\/><\/div><div class=\"arac-event-query-loop-content\"><h2 class=\"arac-event-query-loop-title\"><a href=\"https:\/\/www.arac.ro\/ro\/exhibition\/you-betrayed-the-party-just-when-you-should-have-helped-it\/\">You Betrayed the Party Just When You Should Have Helped It<\/a><\/h2><div class=\"arac-event-query-loop-meta\"><span><strong>Start:<\/strong> 2024-12-17<\/span> <span><strong>End:<\/strong> 2025-01-31<\/span><\/div><p class=\"arac-event-query-loop-excerpt\" style=\"margin-bottom:0.5em\">Expozi\u021bia \u201dYou Betrayed the Party Just When You Should Have Helped It\u201d face parte din proiectul \u201eIn(Visible) Traces. Artistic Memories of the Cold War\u201d, ini\u021biat de Documenta, Zagreb, \u0219i organizat \u00eempreun\u0103 cu Asocia\u021bia Rom\u00e2n\u0103 pentru Art\u0103 Contemporan\u0103, Bucure\u0219ti; Blockfrei, Viena \u0219i Memorialul Bautzner Stra\u00dfe, Dresda. Proiectul \u00ee\u0219i propune s\u0103 implice arti\u0219ti, cercet\u0103tori, educatori, factori de decizie \u0219i cet\u0103\u021beni \u00een reflec\u021bia, p\u0103strarea \u0219i discutarea patrimoniului cultural european, cu accent pe siturile istorice din perioada R\u0103zboiului Rece care au fost neglijate.<\/p><a class=\"arac-event-query_loop-readmore\" style=\"display:inline-block;padding:0.3em 1em;background:#222;color:#fff;text-decoration:none;border-radius:2px;font-size:0.95em\" href=\"https:\/\/www.arac.ro\/ro\/exhibition\/you-betrayed-the-party-just-when-you-should-have-helped-it\/\">Cite\u0219te mai mult<\/a><\/div><\/div><div class=\"arac-event-query-loop-item\"><div class=\"arac-event-query-loop-img\"><img decoding=\"async\" src=\"https:\/\/www.arac.ro\/wp-content\/uploads\/2025\/08\/poster-digital-1-1_11zon-768x1075.jpg\"\/><\/div><div class=\"arac-event-query-loop-content\"><h2 class=\"arac-event-query-loop-title\"><a href=\"https:\/\/www.arac.ro\/ro\/exhibition\/the-line-of-the-valley-part-ii\/\">The Line of the Valley &#8211; Part II<\/a><\/h2><div class=\"arac-event-query-loop-meta\"><span><strong>Start:<\/strong> 2024-10-22<\/span> <span><strong>End:<\/strong> 2024-12-05<\/span><\/div><p class=\"arac-event-query-loop-excerpt\" style=\"margin-bottom:0.5em\">In the summer of 2024, around twenty artists from different practices and nationalities gathered in S\u0103cel, in the Maramure\u0219 region, in a residency hosted by Anca Potera\u0219u. During the residency, the artists had the opportunity to learn traditional techniques in weaving, sewing, and textile dyeing from local craftsmen, applying these skills in contemporary creations<\/p><a class=\"arac-event-query_loop-readmore\" style=\"display:inline-block;padding:0.3em 1em;background:#222;color:#fff;text-decoration:none;border-radius:2px;font-size:0.95em\" href=\"https:\/\/www.arac.ro\/ro\/exhibition\/the-line-of-the-valley-part-ii\/\">Cite\u0219te mai mult<\/a><\/div><\/div><div class=\"arac-event-query-loop-item\"><div class=\"arac-event-query-loop-img\"><img decoding=\"async\" src=\"https:\/\/www.arac.ro\/wp-content\/uploads\/2025\/07\/ICI-Recovered-03-768x768.jpg\"\/><\/div><div class=\"arac-event-query-loop-content\"><h2 class=\"arac-event-query-loop-title\"><a href=\"https:\/\/www.arac.ro\/ro\/exhibition\/the-new-empire\/\">The New Empire<\/a><\/h2><div class=\"arac-event-query-loop-meta\"><span><strong>Start:<\/strong> 2024-10-10<\/span> <span><strong>End:<\/strong> 2024-11-15<\/span><\/div><p class=\"arac-event-query-loop-excerpt\" style=\"margin-bottom:0.5em\">The solo exhibition \u201cThe New Empire\u201d is a lecture on sustainability and the importance of the plants around us and photographic practices, curated by Julie Bonzon and artist Ioana C\u00eerlig.\n<\/p><a class=\"arac-event-query_loop-readmore\" style=\"display:inline-block;padding:0.3em 1em;background:#222;color:#fff;text-decoration:none;border-radius:2px;font-size:0.95em\" href=\"https:\/\/www.arac.ro\/ro\/exhibition\/the-new-empire\/\">Cite\u0219te mai mult<\/a><\/div><\/div><div class=\"arac-event-query-loop-item\"><div class=\"arac-event-query-loop-img\"><img decoding=\"async\" src=\"https:\/\/www.arac.ro\/wp-content\/uploads\/2025\/08\/My-Brilliant-Friend_print-pdf.jpg\"\/><\/div><div class=\"arac-event-query-loop-content\"><h2 class=\"arac-event-query-loop-title\"><a href=\"https:\/\/www.arac.ro\/ro\/exhibition\/prietena-mea-geniala-%eb%82%98%ec%9d%98-%eb%88%88%eb%b6%80%ec%8b%a0-%ec%b9%9c%ea%b5%ac-my-brilliant-friend\/\">Prietena mea genial\u0103\/ \ub098\uc758 \ub208\ubd80\uc2e0 \uce5c\uad6c\/        My Brilliant Friend<\/a><\/h2><div class=\"arac-event-query-loop-meta\"><span><strong>Start:<\/strong> 2024-09-19<\/span> <span><strong>End:<\/strong> 2024-10-20<\/span><\/div><p class=\"arac-event-query-loop-excerpt\" style=\"margin-bottom:0.5em\">My Brilliant Friend is a project born out of the curatorial friendship between Seolhui Lee and Anca Mihule\u021b. The two curators met in 2019 while working for the Busan Biennale and Singapore Biennale, respectively, trying to solve the mystery around a video work by the Romanian-Cuban artist Sandu Darie. \n<\/p><a class=\"arac-event-query_loop-readmore\" style=\"display:inline-block;padding:0.3em 1em;background:#222;color:#fff;text-decoration:none;border-radius:2px;font-size:0.95em\" href=\"https:\/\/www.arac.ro\/ro\/exhibition\/prietena-mea-geniala-%eb%82%98%ec%9d%98-%eb%88%88%eb%b6%80%ec%8b%a0-%ec%b9%9c%ea%b5%ac-my-brilliant-friend\/\">Cite\u0219te mai mult<\/a><\/div><\/div><div class=\"arac-event-query-loop-item\"><div class=\"arac-event-query-loop-img\"><img decoding=\"async\" src=\"https:\/\/www.arac.ro\/wp-content\/uploads\/2025\/08\/afis_ddd.jpg\"\/><\/div><div class=\"arac-event-query-loop-content\"><h2 class=\"arac-event-query-loop-title\"><a href=\"https:\/\/www.arac.ro\/ro\/exhibition\/linia-izei-sacel-maramures\/\">Linia Izei &#8211; S\u0103cel, Maramure\u0219<\/a><\/h2><div class=\"arac-event-query-loop-meta\"><span><strong>Start:<\/strong> 2024-07-14<\/span> <span><strong>End:<\/strong> 2024-08-14<\/span><\/div><p class=\"arac-event-query-loop-excerpt\" style=\"margin-bottom:0.5em\">The group exhibition curated by Marie Maertens presents works created during the residency by artists Yana Bachynska, \u017deljko Beljan, Tanja Boukal, Anetta Mona Chi\u0219a, Kamruzzaman Shadhin, Megan Dominescu, Bogdan Rata, Dan Visovan, Delia Popa, Mihaela Moldovan, Loredana Ilie, Donald Simionoiu,Bernhard Frue, Ilie Mihali, Christina Zurfluh, using textile and recyclable materials. The works reflect both local and cultural influences and contribute to critical research aimed at developing a strategic action plan for the sustainable development of our community.<\/p><a class=\"arac-event-query_loop-readmore\" style=\"display:inline-block;padding:0.3em 1em;background:#222;color:#fff;text-decoration:none;border-radius:2px;font-size:0.95em\" href=\"https:\/\/www.arac.ro\/ro\/exhibition\/linia-izei-sacel-maramures\/\">Cite\u0219te mai mult<\/a><\/div><\/div><div class=\"arac-event-query-loop-item\"><div class=\"arac-event-query-loop-img\"><img decoding=\"async\" src=\"https:\/\/www.arac.ro\/wp-content\/uploads\/2025\/08\/Ecology-of-the-After-Life-768x402.jpg\"\/><\/div><div class=\"arac-event-query-loop-content\"><h2 class=\"arac-event-query-loop-title\"><a href=\"https:\/\/www.arac.ro\/ro\/exhibition\/ecology-after-life\/\">Ecology after Life<\/a><\/h2><div class=\"arac-event-query-loop-meta\"><span><strong>Start:<\/strong> 2024-05-09<\/span> <span><strong>End:<\/strong> 2024-07-01<\/span><\/div><p class=\"arac-event-query-loop-excerpt\" style=\"margin-bottom:0.5em\">The exhibition serves as a metaphor for the regeneration of life as a whole, exploring not only human existence but also the intricate connections between organisms that sustain life on Earth. From Aurora Kir\u00e1ly\u2019s landscapes to Delia Popa\u2019s introspective reflections, Iosif Kir\u00e1ly\u2019s blurring of reality and fantasy, Ioana C\u00eerlig\u2019s documentation of coal miners, and Matei Bejenaru\u2019s chronicles of forgotten spaces, Ecology of the Afterlife contemplates the interconnectedness of living beings.<\/p><a class=\"arac-event-query_loop-readmore\" style=\"display:inline-block;padding:0.3em 1em;background:#222;color:#fff;text-decoration:none;border-radius:2px;font-size:0.95em\" href=\"https:\/\/www.arac.ro\/ro\/exhibition\/ecology-after-life\/\">Cite\u0219te mai mult<\/a><\/div><\/div><div class=\"arac-event-query-loop-item\"><div class=\"arac-event-query-loop-img\"><img decoding=\"async\" src=\"https:\/\/www.arac.ro\/wp-content\/uploads\/2025\/08\/Anca-A3-online-768x1086.jpg\"\/><\/div><div class=\"arac-event-query-loop-content\"><h2 class=\"arac-event-query-loop-title\"><a href=\"https:\/\/www.arac.ro\/ro\/exhibition\/memory-practices\/\">Memory Practices<\/a><\/h2><div class=\"arac-event-query-loop-meta\"><span><strong>Start:<\/strong> 2024-03-16<\/span> <span><strong>End:<\/strong> 2024-04-16<\/span><\/div><p class=\"arac-event-query-loop-excerpt\" style=\"margin-bottom:0.5em\">Zoya Laktionova is an artist working with photography and video art around the concepts of memory, war and personal stories. During her Artists for Artists Residency (AFAR) in Bucharest she continued her exploration of local history, which transforms the ephemeral into the eternal, capturing fleeting moments that resonate deeply with viewers.<\/p><a class=\"arac-event-query_loop-readmore\" style=\"display:inline-block;padding:0.3em 1em;background:#222;color:#fff;text-decoration:none;border-radius:2px;font-size:0.95em\" href=\"https:\/\/www.arac.ro\/ro\/exhibition\/memory-practices\/\">Cite\u0219te mai mult<\/a><\/div><\/div><\/div>","protected":false},"excerpt":{"rendered":"","protected":false},"author":1,"featured_media":0,"parent":102,"menu_order":0,"comment_status":"closed","ping_status":"closed","template":"","meta":{"footnotes":""},"class_list":["post-315","page","type-page","status-publish","hentry"],"_links":{"self":[{"href":"https:\/\/www.arac.ro\/ro\/wp-json\/wp\/v2\/pages\/315","targetHints":{"allow":["GET"]}}],"collection":[{"href":"https:\/\/www.arac.ro\/ro\/wp-json\/wp\/v2\/pages"}],"about":[{"href":"https:\/\/www.arac.ro\/ro\/wp-json\/wp\/v2\/types\/page"}],"author":[{"embeddable":true,"href":"https:\/\/www.arac.ro\/ro\/wp-json\/wp\/v2\/users\/1"}],"replies":[{"embeddable":true,"href":"https:\/\/www.arac.ro\/ro\/wp-json\/wp\/v2\/comments?post=315"}],"version-history":[{"count":1,"href":"https:\/\/www.arac.ro\/ro\/wp-json\/wp\/v2\/pages\/315\/revisions"}],"predecessor-version":[{"id":316,"href":"https:\/\/www.arac.ro\/ro\/wp-json\/wp\/v2\/pages\/315\/revisions\/316"}],"up":[{"embeddable":true,"href":"https:\/\/www.arac.ro\/ro\/wp-json\/wp\/v2\/pages\/102"}],"wp:attachment":[{"href":"https:\/\/www.arac.ro\/ro\/wp-json\/wp\/v2\/media?parent=315"}],"curies":[{"name":"wp","href":"https:\/\/api.w.org\/{rel}","templated":true}]}}